{"id":554,"date":"2018-10-31T13:21:19","date_gmt":"2018-10-31T13:21:19","guid":{"rendered":"https:\/\/www.voyagerturismo.com\/mototour\/?page_id=554"},"modified":"2021-02-22T18:29:50","modified_gmt":"2021-02-22T18:29:50","slug":"nossa-historia-mototour","status":"publish","type":"page","link":"https:\/\/www.voyagerturismo.com\/mototour\/nossa-historia-mototour\/","title":{"rendered":"Nossa Hist\u00f3ria &#8211; Conhe\u00e7a a Mototour"},"content":{"rendered":"<p>Em 2009, ap\u00f3s 15 anos de experi\u00eancia com viagens para os mais diferentes destinos, surgiu a vontade de fazer algo novo. Uma viagem que incorporasse o esp\u00edrito de aventura, as belas paisagens que temos dispon\u00edveis pelo mundo e uma enorme sensa\u00e7\u00e3o de amizade e companheirismo que sempre desenvolvemos com nossos clientes.<\/p>\n<p>Foi quando, em uma conversa com amigos, Ricardo, propriet\u00e1rio da Voyager Turismo, teve a ideia de come\u00e7ar a realizar tours internacionais em motocicleta.<\/p>\n<p>A estreia foi logo com uma espetacular viagem de Harley Davidson pela Calif\u00f3rnia e logo logo foram aparecendo mais e mais pedidos para que continu\u00e1ssemos com o novo projeto.<\/p>\n<p>Os roteiros foram surgindo e se diversificando, dos Estados Unidos pulamos para a Europa e o projeto foi ganhando forma e tamanho.<\/p>\n<p>Ap\u00f3s 10 anos de experi\u00eancia na montagem e execu\u00e7\u00e3o de roteiros em motocicleta, temos a tranquilidade e o prazer de poder oferecer verdadeiras experi\u00eancias de vida para nossos clientes e amigos!<\/p>\n<p><strong>Defina seu pr\u00f3ximo destino, escolha a m\u00e1quina que ir\u00e1 pilotar e embarque com a gente nessas grandes aventuras! Quem vai, sempre quer voltar!<\/strong><\/p>\n","protected":false},"excerpt":{"rendered":"<p>Em 2009, ap\u00f3s 15 anos de experi\u00eancia com viagens para os mais diferentes destinos, surgiu a vontade de fazer algo novo. Uma viagem que incorporasse o esp\u00edrito de aventura, as belas paisagens que temos dispon\u00edveis pelo mundo e uma enorme sensa\u00e7\u00e3o de amizade e companheirismo que sempre desenvolvemos com nossos clientes. Foi quando, em uma [&hellip;]<\/p>\n","protected":false},"author":1,"featured_media":811,"parent":0,"menu_order":0,"comment_status":"closed","ping_status":"closed","template":"","meta":{"_vp_format_video_url":"","_vp_image_focal_point":[],"footnotes":""},"class_list":["post-554","page","type-page","status-publish","has-post-thumbnail","hentry"],"yoast_head":"<!-- This site is optimized with the Yoast SEO plugin v26.9 - https:\/\/yoast.com\/product\/yoast-seo-wordpress\/ -->\n<title>Nossa Hist\u00f3ria - Conhe\u00e7a a Mototour - Moto Tour<\/title>\n<meta name=\"description\" content=\"Conhe\u00e7a um pouco mais a hist\u00f3ria da Voyager Mototour, desde 2009 proporcionando as melhores experi\u00eancias em viagens de motocicleta!\" \/>\n<meta name=\"robots\" content=\"index, follow, max-snippet:-1, max-image-preview:large, max-video-preview:-1\" \/>\n<link rel=\"canonical\" href=\"https:\/\/www.voyagerturismo.com\/mototour\/nossa-historia-mototour\/\" \/>\n<meta property=\"og:locale\" content=\"pt_BR\" \/>\n<meta property=\"og:type\" content=\"article\" \/>\n<meta property=\"og:title\" content=\"Nossa Hist\u00f3ria - Conhe\u00e7a a Mototour - Moto Tour\" \/>\n<meta property=\"og:description\" content=\"Conhe\u00e7a um pouco mais a hist\u00f3ria da Voyager Mototour, desde 2009 proporcionando as melhores experi\u00eancias em viagens de motocicleta!\" \/>\n<meta property=\"og:url\" content=\"https:\/\/www.voyagerturismo.com\/mototour\/nossa-historia-mototour\/\" \/>\n<meta property=\"og:site_name\" content=\"Moto Tour\" \/>\n<meta property=\"article:modified_time\" content=\"2021-02-22T18:29:50+00:00\" \/>\n<meta property=\"og:image\" content=\"https:\/\/www.voyagerturismo.com\/mototour\/wp-content\/uploads\/2018\/12\/WhatsApp-Image-2018-12-05-at-18.01.07.jpeg\" \/>\n\t<meta property=\"og:image:width\" content=\"1280\" \/>\n\t<meta property=\"og:image:height\" content=\"960\" \/>\n\t<meta property=\"og:image:type\" content=\"image\/jpeg\" \/>\n<meta name=\"twitter:card\" content=\"summary_large_image\" \/>\n<meta name=\"twitter:label1\" content=\"Est. tempo de leitura\" \/>\n\t<meta name=\"twitter:data1\" content=\"1 minuto\" \/>\n<script type=\"application\/ld+json\" class=\"yoast-schema-graph\">{\"@context\":\"https:\/\/schema.org\",\"@graph\":[{\"@type\":\"WebPage\",\"@id\":\"https:\/\/www.voyagerturismo.com\/mototour\/nossa-historia-mototour\/\",\"url\":\"https:\/\/www.voyagerturismo.com\/mototour\/nossa-historia-mototour\/\",\"name\":\"Nossa Hist\u00f3ria - Conhe\u00e7a a Mototour - Moto Tour\",\"isPartOf\":{\"@id\":\"https:\/\/www.voyagerturismo.com\/mototour\/#website\"},\"primaryImageOfPage\":{\"@id\":\"https:\/\/www.voyagerturismo.com\/mototour\/nossa-historia-mototour\/#primaryimage\"},\"image\":{\"@id\":\"https:\/\/www.voyagerturismo.com\/mototour\/nossa-historia-mototour\/#primaryimage\"},\"thumbnailUrl\":\"https:\/\/www.voyagerturismo.com\/mototour\/wp-content\/uploads\/2018\/12\/WhatsApp-Image-2018-12-05-at-18.01.07.jpeg\",\"datePublished\":\"2018-10-31T13:21:19+00:00\",\"dateModified\":\"2021-02-22T18:29:50+00:00\",\"description\":\"Conhe\u00e7a um pouco mais a hist\u00f3ria da Voyager Mototour, desde 2009 proporcionando as melhores experi\u00eancias em viagens de motocicleta!\",\"breadcrumb\":{\"@id\":\"https:\/\/www.voyagerturismo.com\/mototour\/nossa-historia-mototour\/#breadcrumb\"},\"inLanguage\":\"pt-BR\",\"potentialAction\":[{\"@type\":\"ReadAction\",\"target\":[\"https:\/\/www.voyagerturismo.com\/mototour\/nossa-historia-mototour\/\"]}]},{\"@type\":\"ImageObject\",\"inLanguage\":\"pt-BR\",\"@id\":\"https:\/\/www.voyagerturismo.com\/mototour\/nossa-historia-mototour\/#primaryimage\",\"url\":\"https:\/\/www.voyagerturismo.com\/mototour\/wp-content\/uploads\/2018\/12\/WhatsApp-Image-2018-12-05-at-18.01.07.jpeg\",\"contentUrl\":\"https:\/\/www.voyagerturismo.com\/mototour\/wp-content\/uploads\/2018\/12\/WhatsApp-Image-2018-12-05-at-18.01.07.jpeg\",\"width\":1280,\"height\":960},{\"@type\":\"BreadcrumbList\",\"@id\":\"https:\/\/www.voyagerturismo.com\/mototour\/nossa-historia-mototour\/#breadcrumb\",\"itemListElement\":[{\"@type\":\"ListItem\",\"position\":1,\"name\":\"In\u00edcio\",\"item\":\"https:\/\/www.voyagerturismo.com\/mototour\/\"},{\"@type\":\"ListItem\",\"position\":2,\"name\":\"Nossa Hist\u00f3ria &#8211; Conhe\u00e7a a Mototour\"}]},{\"@type\":\"WebSite\",\"@id\":\"https:\/\/www.voyagerturismo.com\/mototour\/#website\",\"url\":\"https:\/\/www.voyagerturismo.com\/mototour\/\",\"name\":\"Moto Tour\",\"description\":\"Voyager Turismo\",\"potentialAction\":[{\"@type\":\"SearchAction\",\"target\":{\"@type\":\"EntryPoint\",\"urlTemplate\":\"https:\/\/www.voyagerturismo.com\/mototour\/?s={search_term_string}\"},\"query-input\":{\"@type\":\"PropertyValueSpecification\",\"valueRequired\":true,\"valueName\":\"search_term_string\"}}],\"inLanguage\":\"pt-BR\"}]}<\/script>\n<!-- \/ Yoast SEO plugin. -->","yoast_head_json":{"title":"Nossa Hist\u00f3ria - Conhe\u00e7a a Mototour - Moto Tour","description":"Conhe\u00e7a um pouco mais a hist\u00f3ria da Voyager Mototour, desde 2009 proporcionando as melhores experi\u00eancias em viagens de motocicleta!","robots":{"index":"index","follow":"follow","max-snippet":"max-snippet:-1","max-image-preview":"max-image-preview:large","max-video-preview":"max-video-preview:-1"},"canonical":"https:\/\/www.voyagerturismo.com\/mototour\/nossa-historia-mototour\/","og_locale":"pt_BR","og_type":"article","og_title":"Nossa Hist\u00f3ria - Conhe\u00e7a a Mototour - Moto Tour","og_description":"Conhe\u00e7a um pouco mais a hist\u00f3ria da Voyager Mototour, desde 2009 proporcionando as melhores experi\u00eancias em viagens de motocicleta!","og_url":"https:\/\/www.voyagerturismo.com\/mototour\/nossa-historia-mototour\/","og_site_name":"Moto Tour","article_modified_time":"2021-02-22T18:29:50+00:00","og_image":[{"width":1280,"height":960,"url":"https:\/\/www.voyagerturismo.com\/mototour\/wp-content\/uploads\/2018\/12\/WhatsApp-Image-2018-12-05-at-18.01.07.jpeg","type":"image\/jpeg"}],"twitter_card":"summary_large_image","twitter_misc":{"Est. tempo de leitura":"1 minuto"},"schema":{"@context":"https:\/\/schema.org","@graph":[{"@type":"WebPage","@id":"https:\/\/www.voyagerturismo.com\/mototour\/nossa-historia-mototour\/","url":"https:\/\/www.voyagerturismo.com\/mototour\/nossa-historia-mototour\/","name":"Nossa Hist\u00f3ria - Conhe\u00e7a a Mototour - Moto Tour","isPartOf":{"@id":"https:\/\/www.voyagerturismo.com\/mototour\/#website"},"primaryImageOfPage":{"@id":"https:\/\/www.voyagerturismo.com\/mototour\/nossa-historia-mototour\/#primaryimage"},"image":{"@id":"https:\/\/www.voyagerturismo.com\/mototour\/nossa-historia-mototour\/#primaryimage"},"thumbnailUrl":"https:\/\/www.voyagerturismo.com\/mototour\/wp-content\/uploads\/2018\/12\/WhatsApp-Image-2018-12-05-at-18.01.07.jpeg","datePublished":"2018-10-31T13:21:19+00:00","dateModified":"2021-02-22T18:29:50+00:00","description":"Conhe\u00e7a um pouco mais a hist\u00f3ria da Voyager Mototour, desde 2009 proporcionando as melhores experi\u00eancias em viagens de motocicleta!","breadcrumb":{"@id":"https:\/\/www.voyagerturismo.com\/mototour\/nossa-historia-mototour\/#breadcrumb"},"inLanguage":"pt-BR","potentialAction":[{"@type":"ReadAction","target":["https:\/\/www.voyagerturismo.com\/mototour\/nossa-historia-mototour\/"]}]},{"@type":"ImageObject","inLanguage":"pt-BR","@id":"https:\/\/www.voyagerturismo.com\/mototour\/nossa-historia-mototour\/#primaryimage","url":"https:\/\/www.voyagerturismo.com\/mototour\/wp-content\/uploads\/2018\/12\/WhatsApp-Image-2018-12-05-at-18.01.07.jpeg","contentUrl":"https:\/\/www.voyagerturismo.com\/mototour\/wp-content\/uploads\/2018\/12\/WhatsApp-Image-2018-12-05-at-18.01.07.jpeg","width":1280,"height":960},{"@type":"BreadcrumbList","@id":"https:\/\/www.voyagerturismo.com\/mototour\/nossa-historia-mototour\/#breadcrumb","itemListElement":[{"@type":"ListItem","position":1,"name":"In\u00edcio","item":"https:\/\/www.voyagerturismo.com\/mototour\/"},{"@type":"ListItem","position":2,"name":"Nossa Hist\u00f3ria &#8211; Conhe\u00e7a a Mototour"}]},{"@type":"WebSite","@id":"https:\/\/www.voyagerturismo.com\/mototour\/#website","url":"https:\/\/www.voyagerturismo.com\/mototour\/","name":"Moto Tour","description":"Voyager Turismo","potentialAction":[{"@type":"SearchAction","target":{"@type":"EntryPoint","urlTemplate":"https:\/\/www.voyagerturismo.com\/mototour\/?s={search_term_string}"},"query-input":{"@type":"PropertyValueSpecification","valueRequired":true,"valueName":"search_term_string"}}],"inLanguage":"pt-BR"}]}},"_links":{"self":[{"href":"https:\/\/www.voyagerturismo.com\/mototour\/wp-json\/wp\/v2\/pages\/554","targetHints":{"allow":["GET"]}}],"collection":[{"href":"https:\/\/www.voyagerturismo.com\/mototour\/wp-json\/wp\/v2\/pages"}],"about":[{"href":"https:\/\/www.voyagerturismo.com\/mototour\/wp-json\/wp\/v2\/types\/page"}],"author":[{"embeddable":true,"href":"https:\/\/www.voyagerturismo.com\/mototour\/wp-json\/wp\/v2\/users\/1"}],"replies":[{"embeddable":true,"href":"https:\/\/www.voyagerturismo.com\/mototour\/wp-json\/wp\/v2\/comments?post=554"}],"version-history":[{"count":7,"href":"https:\/\/www.voyagerturismo.com\/mototour\/wp-json\/wp\/v2\/pages\/554\/revisions"}],"predecessor-version":[{"id":1613,"href":"https:\/\/www.voyagerturismo.com\/mototour\/wp-json\/wp\/v2\/pages\/554\/revisions\/1613"}],"wp:featuredmedia":[{"embeddable":true,"href":"https:\/\/www.voyagerturismo.com\/mototour\/wp-json\/wp\/v2\/media\/811"}],"wp:attachment":[{"href":"https:\/\/www.voyagerturismo.com\/mototour\/wp-json\/wp\/v2\/media?parent=554"}],"curies":[{"name":"wp","href":"https:\/\/api.w.org\/{rel}","templated":true}]}}