{"id":379,"date":"2014-11-26T13:11:14","date_gmt":"2014-11-26T13:11:14","guid":{"rendered":"http:\/\/demo.mekshq.com\/voice\/?page_id=294"},"modified":"2021-02-22T18:28:09","modified_gmt":"2021-02-22T18:28:09","slug":"entre-em-contato","status":"publish","type":"page","link":"https:\/\/www.voyagerturismo.com\/mototour\/entre-em-contato\/","title":{"rendered":"Entre em Contato"},"content":{"rendered":"<p>Entre em contato conosco. Nossa equipe est\u00e1 pronta para lhe atender.<\/p>\n<p><strong>Endere\u00e7o:<\/strong><br \/>\nAv. Sete de Setembro, 1406 \u2013 Centro<br \/>\nDivin\u00f3polis \u2013 MG<br \/>\nCEP: 35500-011<\/p>\n<p><strong>Fone: (37) 3222-1845<br \/>\n<\/strong><strong>WhatsApp: (37) 98405-9070<\/strong><\/p>\n<p><strong>Hor\u00e1rio de Atendimento:<\/strong><br \/>\nSegunda &#8211; Sexta 09:00 \u00e0s 18:30 horas<br \/>\nS\u00e1bados das 09:00 \u00e0s 13:00 horas<\/p>\n<p>Ou se preferir, entre em contato pelo formul\u00e1rio abaixo:<\/p>\n\n<div class=\"wpcf7 no-js\" id=\"wpcf7-f291-o1\" lang=\"pt-BR\" dir=\"ltr\" data-wpcf7-id=\"291\">\n<div class=\"screen-reader-response\"><p role=\"status\" aria-live=\"polite\" aria-atomic=\"true\"><\/p> <ul><\/ul><\/div>\n<form action=\"\/mototour\/wp-json\/wp\/v2\/pages\/379#wpcf7-f291-o1\" method=\"post\" class=\"wpcf7-form init\" aria-label=\"Formul\u00e1rios de contato\" novalidate=\"novalidate\" data-status=\"init\">\n<div style=\"display: none;\">\n<input type=\"hidden\" name=\"_wpcf7\" value=\"291\" \/>\n<input type=\"hidden\" name=\"_wpcf7_version\" value=\"6.0.6\" \/>\n<input type=\"hidden\" name=\"_wpcf7_locale\" value=\"pt_BR\" \/>\n<input type=\"hidden\" name=\"_wpcf7_unit_tag\" value=\"wpcf7-f291-o1\" \/>\n<input type=\"hidden\" name=\"_wpcf7_container_post\" value=\"0\" \/>\n<input type=\"hidden\" name=\"_wpcf7_posted_data_hash\" value=\"\" \/>\n<input type=\"hidden\" name=\"_wpcf7_recaptcha_response\" value=\"\" \/>\n<\/div>\n<p><label> Seu Nome (obrigat\u00f3rio)<br \/>\n<span class=\"wpcf7-form-control-wrap\" data-name=\"your-name\"><input size=\"40\" maxlength=\"400\" class=\"wpcf7-form-control wpcf7-text wpcf7-validates-as-required\" aria-required=\"true\" aria-invalid=\"false\" value=\"\" type=\"text\" name=\"your-name\" \/><\/span> <\/label>\n<\/p>\n<p><label> Seu E-mail (obrigat\u00f3rio)<br \/>\n<span class=\"wpcf7-form-control-wrap\" data-name=\"your-email\"><input size=\"40\" maxlength=\"400\" class=\"wpcf7-form-control wpcf7-email wpcf7-validates-as-required wpcf7-text wpcf7-validates-as-email\" aria-required=\"true\" aria-invalid=\"false\" value=\"\" type=\"email\" name=\"your-email\" \/><\/span> <\/label>\n<\/p>\n<p><label> Seu Telefone \/ WhatsApp (obrigat\u00f3rio)<br \/>\n<span class=\"wpcf7-form-control-wrap\" data-name=\"your-tel\"><input size=\"40\" maxlength=\"400\" class=\"wpcf7-form-control wpcf7-tel wpcf7-validates-as-required wpcf7-text wpcf7-validates-as-tel\" aria-required=\"true\" aria-invalid=\"false\" value=\"\" type=\"tel\" name=\"your-tel\" \/><\/span> <\/label>\n<\/p>\n<p><label> Gostaria que entr\u00e1ssemos em contato?<\/label><br \/>\n<span class=\"wpcf7-form-control-wrap\" data-name=\"radio-418\"><span class=\"wpcf7-form-control wpcf7-radio\"><span class=\"wpcf7-list-item first\"><input type=\"radio\" name=\"radio-418\" value=\"SIM\" checked=\"checked\" \/><span class=\"wpcf7-list-item-label\">SIM<\/span><\/span><span class=\"wpcf7-list-item last\"><input type=\"radio\" name=\"radio-418\" value=\"N\u00c3O\" \/><span class=\"wpcf7-list-item-label\">N\u00c3O<\/span><\/span><\/span><\/span>\n<\/p>\n<p><label> Assunto<br \/>\n<span class=\"wpcf7-form-control-wrap\" data-name=\"your-subject\"><input size=\"40\" maxlength=\"400\" class=\"wpcf7-form-control wpcf7-text\" aria-invalid=\"false\" value=\"\" type=\"text\" name=\"your-subject\" \/><\/span> <\/label>\n<\/p>\n<p><label> Sua Mensagem<br \/>\n<span class=\"wpcf7-form-control-wrap\" data-name=\"your-message\"><textarea cols=\"40\" rows=\"10\" maxlength=\"2000\" class=\"wpcf7-form-control wpcf7-textarea wpcf7-validates-as-required\" aria-required=\"true\" aria-invalid=\"false\" name=\"your-message\"><\/textarea><\/span> <\/label>\n<\/p>\n<span class=\"wpcf7-form-control-wrap recaptcha\" data-name=\"recaptcha\"><span data-sitekey=\"6LfC1zsaAAAAAOLLQlEfnt--i1rDinDQMK7eGfGL\" class=\"wpcf7-form-control wpcf7-recaptcha g-recaptcha\"><\/span>\r\n<noscript>\r\n\t<div class=\"grecaptcha-noscript\">\r\n\t\t<iframe loading=\"lazy\" src=\"https:\/\/www.google.com\/recaptcha\/api\/fallback?k=6LfC1zsaAAAAAOLLQlEfnt--i1rDinDQMK7eGfGL\" frameborder=\"0\" scrolling=\"no\" width=\"310\" height=\"430\">\r\n\t\t<\/iframe>\r\n\t\t<textarea name=\"g-recaptcha-response\" rows=\"3\" cols=\"40\" placeholder=\"reCaptcha Response Here\">\r\n\t\t<\/textarea>\r\n\t<\/div>\r\n<\/noscript>\r\n<\/span>\n<p>&nbsp;\n<\/p>\n<p><input class=\"wpcf7-form-control wpcf7-submit has-spinner\" type=\"submit\" value=\"ENVIAR MENSAGEM\" \/>\n<\/p><div class=\"wpcf7-response-output\" aria-hidden=\"true\"><\/div>\n<\/form>\n<\/div>\n\n","protected":false},"excerpt":{"rendered":"<p>Entre em contato conosco. Nossa equipe est\u00e1 pronta para lhe atender. Endere\u00e7o: Av. Sete de Setembro, 1406 \u2013 Centro Divin\u00f3polis \u2013 MG CEP: 35500-011 Fone: (37) 3222-1845 WhatsApp: (37) 98405-9070 Hor\u00e1rio de Atendimento: Segunda &#8211; Sexta 09:00 \u00e0s 18:30 horas S\u00e1bados das 09:00 \u00e0s 13:00 horas Ou se preferir, entre em contato pelo formul\u00e1rio abaixo:<\/p>\n","protected":false},"author":1,"featured_media":0,"parent":0,"menu_order":0,"comment_status":"closed","ping_status":"closed","template":"","meta":{"_vp_format_video_url":"","_vp_image_focal_point":[],"footnotes":""},"class_list":["post-379","page","type-page","status-publish","hentry"],"yoast_head":"<!-- This site is optimized with the Yoast SEO plugin v26.9 - https:\/\/yoast.com\/product\/yoast-seo-wordpress\/ -->\n<title>Entre em Contato - Moto Tour<\/title>\n<meta name=\"robots\" content=\"index, follow, max-snippet:-1, max-image-preview:large, max-video-preview:-1\" \/>\n<link rel=\"canonical\" href=\"https:\/\/www.voyagerturismo.com\/mototour\/entre-em-contato\/\" \/>\n<meta property=\"og:locale\" content=\"pt_BR\" \/>\n<meta property=\"og:type\" content=\"article\" \/>\n<meta property=\"og:title\" content=\"Entre em Contato - Moto Tour\" \/>\n<meta property=\"og:description\" content=\"Entre em contato conosco. Nossa equipe est\u00e1 pronta para lhe atender. Endere\u00e7o: Av. Sete de Setembro, 1406 \u2013 Centro Divin\u00f3polis \u2013 MG CEP: 35500-011 Fone: (37) 3222-1845 WhatsApp: (37) 98405-9070 Hor\u00e1rio de Atendimento: Segunda &#8211; Sexta 09:00 \u00e0s 18:30 horas S\u00e1bados das 09:00 \u00e0s 13:00 horas Ou se preferir, entre em contato pelo formul\u00e1rio abaixo:\" \/>\n<meta property=\"og:url\" content=\"https:\/\/www.voyagerturismo.com\/mototour\/entre-em-contato\/\" \/>\n<meta property=\"og:site_name\" content=\"Moto Tour\" \/>\n<meta property=\"article:modified_time\" content=\"2021-02-22T18:28:09+00:00\" \/>\n<meta name=\"twitter:card\" content=\"summary_large_image\" \/>\n<script type=\"application\/ld+json\" class=\"yoast-schema-graph\">{\"@context\":\"https:\/\/schema.org\",\"@graph\":[{\"@type\":\"WebPage\",\"@id\":\"https:\/\/www.voyagerturismo.com\/mototour\/entre-em-contato\/\",\"url\":\"https:\/\/www.voyagerturismo.com\/mototour\/entre-em-contato\/\",\"name\":\"Entre em Contato - Moto Tour\",\"isPartOf\":{\"@id\":\"https:\/\/www.voyagerturismo.com\/mototour\/#website\"},\"datePublished\":\"2014-11-26T13:11:14+00:00\",\"dateModified\":\"2021-02-22T18:28:09+00:00\",\"breadcrumb\":{\"@id\":\"https:\/\/www.voyagerturismo.com\/mototour\/entre-em-contato\/#breadcrumb\"},\"inLanguage\":\"pt-BR\",\"potentialAction\":[{\"@type\":\"ReadAction\",\"target\":[\"https:\/\/www.voyagerturismo.com\/mototour\/entre-em-contato\/\"]}]},{\"@type\":\"BreadcrumbList\",\"@id\":\"https:\/\/www.voyagerturismo.com\/mototour\/entre-em-contato\/#breadcrumb\",\"itemListElement\":[{\"@type\":\"ListItem\",\"position\":1,\"name\":\"In\u00edcio\",\"item\":\"https:\/\/www.voyagerturismo.com\/mototour\/\"},{\"@type\":\"ListItem\",\"position\":2,\"name\":\"Entre em Contato\"}]},{\"@type\":\"WebSite\",\"@id\":\"https:\/\/www.voyagerturismo.com\/mototour\/#website\",\"url\":\"https:\/\/www.voyagerturismo.com\/mototour\/\",\"name\":\"Moto Tour\",\"description\":\"Voyager Turismo\",\"potentialAction\":[{\"@type\":\"SearchAction\",\"target\":{\"@type\":\"EntryPoint\",\"urlTemplate\":\"https:\/\/www.voyagerturismo.com\/mototour\/?s={search_term_string}\"},\"query-input\":{\"@type\":\"PropertyValueSpecification\",\"valueRequired\":true,\"valueName\":\"search_term_string\"}}],\"inLanguage\":\"pt-BR\"}]}<\/script>\n<!-- \/ Yoast SEO plugin. -->","yoast_head_json":{"title":"Entre em Contato - Moto Tour","robots":{"index":"index","follow":"follow","max-snippet":"max-snippet:-1","max-image-preview":"max-image-preview:large","max-video-preview":"max-video-preview:-1"},"canonical":"https:\/\/www.voyagerturismo.com\/mototour\/entre-em-contato\/","og_locale":"pt_BR","og_type":"article","og_title":"Entre em Contato - Moto Tour","og_description":"Entre em contato conosco. Nossa equipe est\u00e1 pronta para lhe atender. Endere\u00e7o: Av. Sete de Setembro, 1406 \u2013 Centro Divin\u00f3polis \u2013 MG CEP: 35500-011 Fone: (37) 3222-1845 WhatsApp: (37) 98405-9070 Hor\u00e1rio de Atendimento: Segunda &#8211; Sexta 09:00 \u00e0s 18:30 horas S\u00e1bados das 09:00 \u00e0s 13:00 horas Ou se preferir, entre em contato pelo formul\u00e1rio abaixo:","og_url":"https:\/\/www.voyagerturismo.com\/mototour\/entre-em-contato\/","og_site_name":"Moto Tour","article_modified_time":"2021-02-22T18:28:09+00:00","twitter_card":"summary_large_image","schema":{"@context":"https:\/\/schema.org","@graph":[{"@type":"WebPage","@id":"https:\/\/www.voyagerturismo.com\/mototour\/entre-em-contato\/","url":"https:\/\/www.voyagerturismo.com\/mototour\/entre-em-contato\/","name":"Entre em Contato - Moto Tour","isPartOf":{"@id":"https:\/\/www.voyagerturismo.com\/mototour\/#website"},"datePublished":"2014-11-26T13:11:14+00:00","dateModified":"2021-02-22T18:28:09+00:00","breadcrumb":{"@id":"https:\/\/www.voyagerturismo.com\/mototour\/entre-em-contato\/#breadcrumb"},"inLanguage":"pt-BR","potentialAction":[{"@type":"ReadAction","target":["https:\/\/www.voyagerturismo.com\/mototour\/entre-em-contato\/"]}]},{"@type":"BreadcrumbList","@id":"https:\/\/www.voyagerturismo.com\/mototour\/entre-em-contato\/#breadcrumb","itemListElement":[{"@type":"ListItem","position":1,"name":"In\u00edcio","item":"https:\/\/www.voyagerturismo.com\/mototour\/"},{"@type":"ListItem","position":2,"name":"Entre em Contato"}]},{"@type":"WebSite","@id":"https:\/\/www.voyagerturismo.com\/mototour\/#website","url":"https:\/\/www.voyagerturismo.com\/mototour\/","name":"Moto Tour","description":"Voyager Turismo","potentialAction":[{"@type":"SearchAction","target":{"@type":"EntryPoint","urlTemplate":"https:\/\/www.voyagerturismo.com\/mototour\/?s={search_term_string}"},"query-input":{"@type":"PropertyValueSpecification","valueRequired":true,"valueName":"search_term_string"}}],"inLanguage":"pt-BR"}]}},"_links":{"self":[{"href":"https:\/\/www.voyagerturismo.com\/mototour\/wp-json\/wp\/v2\/pages\/379","targetHints":{"allow":["GET"]}}],"collection":[{"href":"https:\/\/www.voyagerturismo.com\/mototour\/wp-json\/wp\/v2\/pages"}],"about":[{"href":"https:\/\/www.voyagerturismo.com\/mototour\/wp-json\/wp\/v2\/types\/page"}],"author":[{"embeddable":true,"href":"https:\/\/www.voyagerturismo.com\/mototour\/wp-json\/wp\/v2\/users\/1"}],"replies":[{"embeddable":true,"href":"https:\/\/www.voyagerturismo.com\/mototour\/wp-json\/wp\/v2\/comments?post=379"}],"version-history":[{"count":9,"href":"https:\/\/www.voyagerturismo.com\/mototour\/wp-json\/wp\/v2\/pages\/379\/revisions"}],"predecessor-version":[{"id":1610,"href":"https:\/\/www.voyagerturismo.com\/mototour\/wp-json\/wp\/v2\/pages\/379\/revisions\/1610"}],"wp:attachment":[{"href":"https:\/\/www.voyagerturismo.com\/mototour\/wp-json\/wp\/v2\/media?parent=379"}],"curies":[{"name":"wp","href":"https:\/\/api.w.org\/{rel}","templated":true}]}}