{"id":2,"date":"2018-10-09T10:15:38","date_gmt":"2018-10-09T10:15:38","guid":{"rendered":"https:\/\/www.voyagerturismo.com\/mototour\/?page_id=2"},"modified":"2018-10-18T13:57:40","modified_gmt":"2018-10-18T13:57:40","slug":"condicoes-gerais-viagens","status":"publish","type":"page","link":"https:\/\/www.voyagerturismo.com\/mototour\/condicoes-gerais-viagens\/","title":{"rendered":"Condi\u00e7\u00f5es Gerais de Aquisi\u00e7\u00e3o de Programas de Viagens"},"content":{"rendered":"<h1>Tour com aluguel de motocicletas<\/h1>\n<h2>1 &#8211; Condi\u00e7\u00f5es Espec\u00edficas da Operadora:<\/h2>\n<p>A Voyager Turismo atua como intermedi\u00e1ria entre seus clientes e prestadores de servi\u00e7os, nacionais e internacionais, declinando sua responsabilidade por todo e qualquer problema, perdas ou danos, resultantes de casos fortuitos ou de for\u00e7a maior, ou seja: greves, dist\u00farbios, quarentenas, fen\u00f4menos naturais, terremotos, furac\u00f5es, enchentes, avalanches, modifica\u00e7\u00f5es, atrasos e ou cancelamento de trajetos a\u00e9reos devido a motivos t\u00e9cnicos, mec\u00e2nicos e ou meteorol\u00f3gicos, sobre os quais a Operadora n\u00e3o possui poder de previs\u00e3o ou controle.<\/p>\n<p>Por motivos t\u00e9cnico-operacionais, a Operadora reserva-se o direito de promover as altera\u00e7\u00f5es que se fizerem necess\u00e1rias, quanto a itiner\u00e1rios, hot\u00e9is, servi\u00e7os, etc, sem preju\u00edzo para o cliente. Caso necess\u00e1rio poder\u00e1 tamb\u00e9m alterar a data do embarque, a fim de garantir o transporte a\u00e9reo, limitando essas altera\u00e7\u00f5es a um dia a mais ou a menos da data original, informando o cliente sobre a altera\u00e7\u00e3o e dando-lhe a op\u00e7\u00e3o de aceitar a mesma ou cancelar sua reserva com respectivo reembolso.<\/p>\n<h2>2 &#8211;\u00a0Condi\u00e7\u00f5es Espec\u00edficas da Programa\u00e7\u00e3o:<\/h2>\n<p><strong>Solicita\u00e7\u00e3o de reserva:<\/strong> Deve ser feita por escrito e acompanhada do dep\u00f3sito inicial (sinal de reserva), conforme mencionado na programa\u00e7\u00e3o.<\/p>\n<p><strong>Pagamento:<\/strong> O pagamento total dever\u00e1 ser feito at\u00e9 trinta dias antes do in\u00edcio da viagem. A n\u00e3o complementa\u00e7\u00e3o do pagamento permitir\u00e1 \u00e0 Voyager Turismo o cancelamento dos servi\u00e7os confirmados, obedecendo as clausulas contratuais.<\/p>\n<p><strong>Os Pre\u00e7os:<\/strong> Poder\u00e3o sofrer altera\u00e7\u00f5es decorrentes de varia\u00e7\u00f5es cambiais e\/ou resolu\u00e7\u00f5es governamentais que comprovadamente os altere.<\/p>\n<p><strong>Pedidos de Altera\u00e7\u00e3o:<\/strong> os pedidos de altera\u00e7\u00e3o implicar\u00e3o na aplica\u00e7\u00e3o de penalidades aos passageiros, por for\u00e7a dos contratos firmados pela Voyager Turismo em nome deles.<\/p>\n<p><strong>Hot\u00e9is:<\/strong> A entrada nos apartamentos (check in), inicia-se \u00e0s 15:00 horas e a sa\u00edda (check out) dever\u00e1 ser feita at\u00e9 as 12:00 horas.<\/p>\n<p><strong>Regime de Alimenta\u00e7\u00e3o:<\/strong> prevalece o especificado na documenta\u00e7\u00e3o de divulga\u00e7\u00e3o da programa\u00e7\u00e3o.<\/p>\n<p><strong>Traslados e Passeios:<\/strong> Ser\u00e3o servi\u00e7os regulares de turismo, compartido com outros passageiros, e ser\u00e3o realizados em ve\u00edculos do tamanho proporcional ao n\u00famero de pessoas.<\/p>\n<p><strong>Bagagem:<\/strong> A bagagem e demais itens pessoais do passageiro n\u00e3o s\u00e3o objetos deste contrato, sendo que estes viajam por conta e risco dos passageiros. A Operadora n\u00e3o se responsabilizar\u00e1 por perda, roubo, extravio ou dano que as bagagens possam sofrer durante a viagem, por qualquer causa, inclu\u00edda sua manipula\u00e7\u00e3o em traslados, quando este servi\u00e7o existir. Na hip\u00f3tese de sofrer algum dano ou extravio, o passageiro deve apresentar, no ato, reclama\u00e7\u00e3o \u00e0 cia. transportadora. Recomenda-se fazer seguro das mesmas antes de iniciar a viagem.<\/p>\n<p><strong>Pilotagem:<\/strong> Em nossas programa\u00e7\u00f5es teremos um capit\u00e3o de estrada conduzindo o grupo, que deve ser obedecido em suas orienta\u00e7\u00f5es. Nas viagens de moto percorremos estradas com variadas topografias, varia\u00e7\u00f5es clim\u00e1ticas e n\u00edveis variados de dificuldade, ficando neste caso declarado que o contratante tem ci\u00eancia, capacidade e experi\u00eancia necess\u00e1ria para a condu\u00e7\u00e3o da motocicleta alugada. Em casos de acidente ou furto o segurado arcar\u00e1 com a franquia do seguro e despesas de guincho que ser\u00e3o especificadas no ato da loca\u00e7\u00e3o. A habilita\u00e7\u00e3o e demais documentos exigidos devem ser apresentados na locadora.<\/p>\n<h2>Condi\u00e7\u00f5es Espec\u00edficas do Transporte A\u00e9reo:<\/h2>\n<p><strong>Bilhete:<\/strong> O bilhete de passagem a\u00e9rea \u00e9 a express\u00e3o do contrato de transporte a\u00e9reo, firmado entre o passageiro e a empresa de transporte, sendo portanto regido pelas normas internacionais (Conven\u00e7\u00e3o de Vars\u00f3via) e o Col\u00e9gio Brasileiro de Aeron\u00e1utica. <strong>Bagagem:<\/strong> O transporte de bagagem, ser\u00e1 feito de acordo com os crit\u00e9rios da cia. a\u00e9rea que define a quantidade de volumes e peso, conforme a rota e o equipamento.<\/p>\n<h2>Condi\u00e7\u00f5es Espec\u00edficas de Cancelamento:<\/h2>\n<p>Entende-se por cancelamento a desist\u00eancia da viagem e\/ou do servi\u00e7o contratado, bem como altera\u00e7\u00e3o de datas.<\/p>\n<p>Solicita\u00e7\u00f5es de cancelamento devem ser feitas por escrito e os crit\u00e9rios de reembolso ser\u00e3o definidos conforme segue.<\/p>\n<p><strong>Parte A\u00e9rea:<\/strong> Em nossas programa\u00e7\u00f5es normalmente as passagens a\u00e9reas s\u00e3o emitidas com tarifas especiais reduzidas, implicando em certas restri\u00e7\u00f5es (endosso, mudan\u00e7a de rotas, reembolso, etc) Uma vez emitidas, ser\u00e3o aplicadas as penalidades previstas nas regras tarif\u00e1rias e, em caso de reembolso, o mesmo somente ser\u00e1 feito ap\u00f3s o ressarcimento por parte da cia. a\u00e9rea.<\/p>\n<p><strong>Parte terrestre:<\/strong> At\u00e9 90 dias antes da viagem os cancelamentos ter\u00e3o penaliza\u00e7\u00e3o DE 25%. Entre 89 e 45 dias antes da viagem perda de 40% sobre o valor total do pacote, entre 44 e 30 dias perda de 50%, entre 29 e 1 dias perda de 70%. Al\u00e9m das multas estabelecidas ser\u00e1 retido o valor equivalente a US$ 300,00 da inscri\u00e7\u00e3o na viagem al\u00e9m das multas cobradas pelas cia a\u00e9rea.<\/p>\n<h2>Documenta\u00e7\u00e3o de Responsabilidade do Passageiro:<\/h2>\n<p>A documenta\u00e7\u00e3o pessoal, passaporte, vistos, autoriza\u00e7\u00e3o de viagem para menor desacompanhado, etc, \u00e9 de total responsabilidade do passageiro. Assim, a impossibilidade de embarque gerada por falta de documenta\u00e7\u00e3o, caracterizar\u00e1 cancelamento da viagem, sendo aplicada as penalidades do item 4.<\/p>\n<p><strong>Reclama\u00e7\u00f5es:<\/strong> Em caso de reclama\u00e7\u00f5es quanto a presta\u00e7\u00e3o dos servi\u00e7os, o cliente as encaminhar\u00e1 por escrito \u00e0 Voyager Turismo at\u00e9 30 dias ap\u00f3s o encerramento dos mesmos, conforme artigo 26, Inciso I, par\u00e1grafo 1o. do C\u00f3digo de Defesa do Consumidor. Se n\u00e3o houver reclama\u00e7\u00e3o no prazo estipulado, a rela\u00e7\u00e3o contratual ser\u00e1 considerada perfeita e acabada.<\/p>\n<p>A viagem em motocicleta requer habilita\u00e7\u00e3o do condutor que indique a per\u00edcia e conhecimento t\u00e9cnico para condu\u00e7\u00e3o do equipamento. Ficando o condutor inteiramente respons\u00e1vel pela sua seguran\u00e7a e declara estar apto para a realiza\u00e7\u00e3o desta viagem, isentando a Voyager Turismo de responsabilidades civis neste ponto.<\/p>\n<p>&nbsp;<\/p>\n","protected":false},"excerpt":{"rendered":"<p>Tour com aluguel de motocicletas 1 &#8211; Condi\u00e7\u00f5es Espec\u00edficas da Operadora: A Voyager Turismo atua como intermedi\u00e1ria entre seus clientes e prestadores de servi\u00e7os, nacionais e internacionais, declinando sua responsabilidade por todo e qualquer problema, perdas ou danos, resultantes de casos fortuitos ou de for\u00e7a maior, ou seja: greves, dist\u00farbios, quarentenas, fen\u00f4menos naturais, terremotos, furac\u00f5es, [&hellip;]<\/p>\n","protected":false},"author":1,"featured_media":0,"parent":0,"menu_order":0,"comment_status":"closed","ping_status":"open","template":"","meta":{"_vp_format_video_url":"","_vp_image_focal_point":[],"footnotes":""},"class_list":["post-2","page","type-page","status-publish","hentry"],"yoast_head":"<!-- This site is optimized with the Yoast SEO plugin v26.9 - https:\/\/yoast.com\/product\/yoast-seo-wordpress\/ -->\n<title>Condi\u00e7\u00f5es Gerais de Aquisi\u00e7\u00e3o de Programas de Viagens - Moto Tour<\/title>\n<meta name=\"robots\" content=\"index, follow, max-snippet:-1, max-image-preview:large, max-video-preview:-1\" \/>\n<link rel=\"canonical\" href=\"https:\/\/www.voyagerturismo.com\/mototour\/condicoes-gerais-viagens\/\" \/>\n<meta property=\"og:locale\" content=\"pt_BR\" \/>\n<meta property=\"og:type\" content=\"article\" \/>\n<meta property=\"og:title\" content=\"Condi\u00e7\u00f5es Gerais de Aquisi\u00e7\u00e3o de Programas de Viagens - Moto Tour\" \/>\n<meta property=\"og:description\" content=\"Tour com aluguel de motocicletas 1 &#8211; Condi\u00e7\u00f5es Espec\u00edficas da Operadora: A Voyager Turismo atua como intermedi\u00e1ria entre seus clientes e prestadores de servi\u00e7os, nacionais e internacionais, declinando sua responsabilidade por todo e qualquer problema, perdas ou danos, resultantes de casos fortuitos ou de for\u00e7a maior, ou seja: greves, dist\u00farbios, quarentenas, fen\u00f4menos naturais, terremotos, furac\u00f5es, [&hellip;]\" \/>\n<meta property=\"og:url\" content=\"https:\/\/www.voyagerturismo.com\/mototour\/condicoes-gerais-viagens\/\" \/>\n<meta property=\"og:site_name\" content=\"Moto Tour\" \/>\n<meta property=\"article:modified_time\" content=\"2018-10-18T13:57:40+00:00\" \/>\n<meta name=\"twitter:card\" content=\"summary_large_image\" \/>\n<meta name=\"twitter:label1\" content=\"Est. tempo de leitura\" \/>\n\t<meta name=\"twitter:data1\" content=\"5 minutos\" \/>\n<script type=\"application\/ld+json\" class=\"yoast-schema-graph\">{\"@context\":\"https:\/\/schema.org\",\"@graph\":[{\"@type\":\"WebPage\",\"@id\":\"https:\/\/www.voyagerturismo.com\/mototour\/condicoes-gerais-viagens\/\",\"url\":\"https:\/\/www.voyagerturismo.com\/mototour\/condicoes-gerais-viagens\/\",\"name\":\"Condi\u00e7\u00f5es Gerais de Aquisi\u00e7\u00e3o de Programas de Viagens - Moto Tour\",\"isPartOf\":{\"@id\":\"https:\/\/www.voyagerturismo.com\/mototour\/#website\"},\"datePublished\":\"2018-10-09T10:15:38+00:00\",\"dateModified\":\"2018-10-18T13:57:40+00:00\",\"breadcrumb\":{\"@id\":\"https:\/\/www.voyagerturismo.com\/mototour\/condicoes-gerais-viagens\/#breadcrumb\"},\"inLanguage\":\"pt-BR\",\"potentialAction\":[{\"@type\":\"ReadAction\",\"target\":[\"https:\/\/www.voyagerturismo.com\/mototour\/condicoes-gerais-viagens\/\"]}]},{\"@type\":\"BreadcrumbList\",\"@id\":\"https:\/\/www.voyagerturismo.com\/mototour\/condicoes-gerais-viagens\/#breadcrumb\",\"itemListElement\":[{\"@type\":\"ListItem\",\"position\":1,\"name\":\"In\u00edcio\",\"item\":\"https:\/\/www.voyagerturismo.com\/mototour\/\"},{\"@type\":\"ListItem\",\"position\":2,\"name\":\"Condi\u00e7\u00f5es Gerais de Aquisi\u00e7\u00e3o de Programas de Viagens\"}]},{\"@type\":\"WebSite\",\"@id\":\"https:\/\/www.voyagerturismo.com\/mototour\/#website\",\"url\":\"https:\/\/www.voyagerturismo.com\/mototour\/\",\"name\":\"Moto Tour\",\"description\":\"Voyager Turismo\",\"potentialAction\":[{\"@type\":\"SearchAction\",\"target\":{\"@type\":\"EntryPoint\",\"urlTemplate\":\"https:\/\/www.voyagerturismo.com\/mototour\/?s={search_term_string}\"},\"query-input\":{\"@type\":\"PropertyValueSpecification\",\"valueRequired\":true,\"valueName\":\"search_term_string\"}}],\"inLanguage\":\"pt-BR\"}]}<\/script>\n<!-- \/ Yoast SEO plugin. -->","yoast_head_json":{"title":"Condi\u00e7\u00f5es Gerais de Aquisi\u00e7\u00e3o de Programas de Viagens - Moto Tour","robots":{"index":"index","follow":"follow","max-snippet":"max-snippet:-1","max-image-preview":"max-image-preview:large","max-video-preview":"max-video-preview:-1"},"canonical":"https:\/\/www.voyagerturismo.com\/mototour\/condicoes-gerais-viagens\/","og_locale":"pt_BR","og_type":"article","og_title":"Condi\u00e7\u00f5es Gerais de Aquisi\u00e7\u00e3o de Programas de Viagens - Moto Tour","og_description":"Tour com aluguel de motocicletas 1 &#8211; Condi\u00e7\u00f5es Espec\u00edficas da Operadora: A Voyager Turismo atua como intermedi\u00e1ria entre seus clientes e prestadores de servi\u00e7os, nacionais e internacionais, declinando sua responsabilidade por todo e qualquer problema, perdas ou danos, resultantes de casos fortuitos ou de for\u00e7a maior, ou seja: greves, dist\u00farbios, quarentenas, fen\u00f4menos naturais, terremotos, furac\u00f5es, [&hellip;]","og_url":"https:\/\/www.voyagerturismo.com\/mototour\/condicoes-gerais-viagens\/","og_site_name":"Moto Tour","article_modified_time":"2018-10-18T13:57:40+00:00","twitter_card":"summary_large_image","twitter_misc":{"Est. tempo de leitura":"5 minutos"},"schema":{"@context":"https:\/\/schema.org","@graph":[{"@type":"WebPage","@id":"https:\/\/www.voyagerturismo.com\/mototour\/condicoes-gerais-viagens\/","url":"https:\/\/www.voyagerturismo.com\/mototour\/condicoes-gerais-viagens\/","name":"Condi\u00e7\u00f5es Gerais de Aquisi\u00e7\u00e3o de Programas de Viagens - Moto Tour","isPartOf":{"@id":"https:\/\/www.voyagerturismo.com\/mototour\/#website"},"datePublished":"2018-10-09T10:15:38+00:00","dateModified":"2018-10-18T13:57:40+00:00","breadcrumb":{"@id":"https:\/\/www.voyagerturismo.com\/mototour\/condicoes-gerais-viagens\/#breadcrumb"},"inLanguage":"pt-BR","potentialAction":[{"@type":"ReadAction","target":["https:\/\/www.voyagerturismo.com\/mototour\/condicoes-gerais-viagens\/"]}]},{"@type":"BreadcrumbList","@id":"https:\/\/www.voyagerturismo.com\/mototour\/condicoes-gerais-viagens\/#breadcrumb","itemListElement":[{"@type":"ListItem","position":1,"name":"In\u00edcio","item":"https:\/\/www.voyagerturismo.com\/mototour\/"},{"@type":"ListItem","position":2,"name":"Condi\u00e7\u00f5es Gerais de Aquisi\u00e7\u00e3o de Programas de Viagens"}]},{"@type":"WebSite","@id":"https:\/\/www.voyagerturismo.com\/mototour\/#website","url":"https:\/\/www.voyagerturismo.com\/mototour\/","name":"Moto Tour","description":"Voyager Turismo","potentialAction":[{"@type":"SearchAction","target":{"@type":"EntryPoint","urlTemplate":"https:\/\/www.voyagerturismo.com\/mototour\/?s={search_term_string}"},"query-input":{"@type":"PropertyValueSpecification","valueRequired":true,"valueName":"search_term_string"}}],"inLanguage":"pt-BR"}]}},"_links":{"self":[{"href":"https:\/\/www.voyagerturismo.com\/mototour\/wp-json\/wp\/v2\/pages\/2","targetHints":{"allow":["GET"]}}],"collection":[{"href":"https:\/\/www.voyagerturismo.com\/mototour\/wp-json\/wp\/v2\/pages"}],"about":[{"href":"https:\/\/www.voyagerturismo.com\/mototour\/wp-json\/wp\/v2\/types\/page"}],"author":[{"embeddable":true,"href":"https:\/\/www.voyagerturismo.com\/mototour\/wp-json\/wp\/v2\/users\/1"}],"replies":[{"embeddable":true,"href":"https:\/\/www.voyagerturismo.com\/mototour\/wp-json\/wp\/v2\/comments?post=2"}],"version-history":[{"count":3,"href":"https:\/\/www.voyagerturismo.com\/mototour\/wp-json\/wp\/v2\/pages\/2\/revisions"}],"predecessor-version":[{"id":953,"href":"https:\/\/www.voyagerturismo.com\/mototour\/wp-json\/wp\/v2\/pages\/2\/revisions\/953"}],"wp:attachment":[{"href":"https:\/\/www.voyagerturismo.com\/mototour\/wp-json\/wp\/v2\/media?parent=2"}],"curies":[{"name":"wp","href":"https:\/\/api.w.org\/{rel}","templated":true}]}}